{"id":20,"date":"2025-05-02T12:44:20","date_gmt":"2025-05-02T12:44:20","guid":{"rendered":"https:\/\/witzl.hu\/zsolt\/?page_id=20"},"modified":"2025-10-03T06:27:17","modified_gmt":"2025-10-03T06:27:17","slug":"kapcsolat","status":"publish","type":"page","link":"https:\/\/witzl.hu\/zsolt\/kapcsolat\/","title":{"rendered":"Kapcsolat"},"content":{"rendered":"\n<p class=\"has-text-align-center\"><strong>Innovat\u00edv megold\u00e1sokkal \u00e9s a leg\u00fajabb technol\u00f3gi\u00e1kkal dolgozunk az \u00d6n siker\u00e9\u00e9rt.<\/strong><br>Vegye fel vel\u00fcnk a kapcsolatot az al\u00e1bbi \u0171rlapon kereszt\u00fcl!<\/p>\n\n\n\n<div class=\"wp-block-buttons is-content-justification-center is-layout-flex wp-container-core-buttons-is-layout-a89b3969 wp-block-buttons-is-layout-flex\">\n<div class=\"wp-block-button\"><a class=\"wp-block-button__link wp-element-button\" href=\"https:\/\/eugyintezes.mekon.hu\/index.php?u=nevjegyzek&amp;m=tag&amp;f=adatlap&amp;id=18E91\" target=\"_blank\" rel=\"noreferrer noopener\">Magyar \u00c9p\u00edt\u00e9sz Kamara &#8211; Online adatb\u00e1zis<\/a><\/div>\n<\/div>\n\n\n<div class='fluentform ff-default fluentform_wrapper_1  ff_guten_block ff_guten_block-1 ffs_default_wrap'><form data-form_id=\"1\" id=\"fluentform_1\" class=\"frm-fluent-form fluent_form_1 ff-el-form-top ff_form_instance_1_1 ff-form-loading ffs_default\" data-form_instance=\"ff_form_instance_1_1\" method=\"POST\" ><fieldset  style=\"border: none!important;margin: 0!important;padding: 0!important;background-color: transparent!important;box-shadow: none!important;outline: none!important; min-inline-size: 100%;\">\n                    <legend class=\"ff_screen_reader_title\" style=\"display: block; margin: 0!important;padding: 0!important;height: 0!important;text-indent: -999999px;width: 0!important;overflow:hidden;\">Kapcsolati \u0171rlap<\/legend>        <div\n                style=\"display: none!important; position: absolute!important; transform: translateX(1000%)!important;\"\n                class=\"ff-el-group ff-hpsf-container\"\n        >\n            <div class=\"ff-el-input--label asterisk-right\">\n                <label for=\"ff_1_item_sf\" aria-label=\"Contact\">\n                    Contact                <\/label>\n            <\/div>\n            <div class=\"ff-el-input--content\">\n                <input type=\"text\"\n                       name=\"item_1__fluent_sf\"\n                       class=\"ff-el-form-control\"\n                       id=\"ff_1_item_sf\"\n                \/>\n            <\/div>\n        <\/div>\n        <input type='hidden' name='__fluent_form_embded_post_id' value='20' \/><input type=\"hidden\" id=\"_fluentform_1_fluentformnonce\" name=\"_fluentform_1_fluentformnonce\" value=\"56383eefd6\" \/><input type=\"hidden\" name=\"_wp_http_referer\" value=\"\/zsolt\/wp-json\/wp\/v2\/pages\/20\" \/><div data-type=\"name-element\" data-name=\"names\" class=\" ff-field_container ff-name-field-wrapper\" ><div class='ff-t-container'><div class='ff-t-cell '><div class='ff-el-group'><div class=\"ff-el-input--label ff-el-is-required asterisk-right\"><label for='ff_1_names_first_name_' id='label_ff_1_names_first_name_' >Keresztn\u00e9v<\/label><\/div><div class='ff-el-input--content'><input type=\"text\" name=\"names[first_name]\" id=\"ff_1_names_first_name_\" class=\"ff-el-form-control\" placeholder=\"Keresztn\u00e9v\" aria-invalid=\"false\" aria-required=true><\/div><\/div><\/div><div class='ff-t-cell '><div class='ff-el-group'><div class=\"ff-el-input--label ff-el-is-required asterisk-right\"><label for='ff_1_names_last_name_' id='label_ff_1_names_last_name_' >Vezet\u00e9kn\u00e9v<\/label><\/div><div class='ff-el-input--content'><input type=\"text\" name=\"names[last_name]\" id=\"ff_1_names_last_name_\" class=\"ff-el-form-control\" placeholder=\"Vezet\u00e9kn\u00e9v\" aria-invalid=\"false\" aria-required=true><\/div><\/div><\/div><\/div><\/div><div class='ff-el-group'><div class=\"ff-el-input--label ff-el-is-required asterisk-right\"><label for='ff_1_email' id='label_ff_1_email' aria-label=\"E-mail c\u00edm\">E-mail c\u00edm<\/label><\/div><div class='ff-el-input--content'><input type=\"email\" name=\"email\" id=\"ff_1_email\" class=\"ff-el-form-control\" placeholder=\"E-mail c\u00edm\" data-name=\"email\"  aria-invalid=\"false\" aria-required=true><\/div><\/div><div class='ff-el-group'><div class=\"ff-el-input--label ff-el-is-required asterisk-right\"><label for='ff_1_input_text' id='label_ff_1_input_text' aria-label=\"Telefonsz\u00e1m\">Telefonsz\u00e1m<\/label><\/div><div class='ff-el-input--content'><input type=\"text\" name=\"input_text\" class=\"ff-el-form-control\" placeholder=\"+36 .. ... ....\" data-name=\"input_text\" id=\"ff_1_input_text\"  aria-invalid=\"false\" aria-required=true><\/div><\/div><div class='ff-el-group'><div class=\"ff-el-input--label ff-el-is-required asterisk-right\"><label for='ff_1_subject' id='label_ff_1_subject' aria-label=\"T\u00e9ma\">T\u00e9ma<\/label><\/div><div class='ff-el-input--content'><input type=\"text\" name=\"subject\" class=\"ff-el-form-control\" placeholder=\"T\u00e9ma\" data-name=\"subject\" id=\"ff_1_subject\"  aria-invalid=\"false\" aria-required=true><\/div><\/div><div class='ff-el-group'><div class=\"ff-el-input--label ff-el-is-required asterisk-right\"><label for='ff_1_message' id='label_ff_1_message' aria-label=\"Az \u00fczenet\">Az \u00fczenet<\/label><\/div><div class='ff-el-input--content'><textarea aria-required=\"true\" aria-labelledby=\"label_ff_1_message\" name=\"message\" id=\"ff_1_message\" class=\"ff-el-form-control\" placeholder=\"Az \u00fczenet\" rows=\"6\" cols=\"2\" data-name=\"message\" ><\/textarea><\/div><\/div><div class='ff-el-group    ff-el-input--content'><div class='ff-el-form-check ff-el-tc'><label aria-label='Hozz\u00e1j\u00e1rul\u00e1s ahhoz, hogy ez a weboldal t\u00e1rolja a megadott adatokat, hogy v\u00e1laszolni tudjanak a megkeres\u00e9sre' class='ff-el-form-check-label ff_tc_label' for=gdpr-agreement_e06121b31283407f80b69d59abff81a9><span class='ff_tc_checkbox'><input type=\"checkbox\" name=\"gdpr-agreement\" class=\"ff-el-form-check-input ff_gdpr_field\" data-name=\"gdpr-agreement\" id=\"gdpr-agreement_e06121b31283407f80b69d59abff81a9\"  value='on' aria-invalid='false' aria-required=true><\/span> <div class='ff_t_c'>Hozz\u00e1j\u00e1rul\u00e1s ahhoz, hogy ez a weboldal t\u00e1rolja a megadott adatokat, hogy v\u00e1laszolni tudjanak a megkeres\u00e9sre<\/div><\/label><\/div><\/div><div class='ff-el-group ff-text-right ff_submit_btn_wrapper'><button type=\"submit\" class=\"ff-btn ff-btn-submit ff-btn-md ff_btn_style\"  aria-label=\"\u00dczenet elk\u00fcld\u00e9se\">\u00dczenet elk\u00fcld\u00e9se<\/button><\/div><\/fieldset><\/form><div id='fluentform_1_errors' class='ff-errors-in-stack ff_form_instance_1_1 ff-form-loading_errors ff_form_instance_1_1_errors'><\/div><\/div>            <script type=\"text\/javascript\">\n                window.fluent_form_ff_form_instance_1_1 = {\"id\":\"1\",\"ajaxUrl\":\"https:\\\/\\\/witzl.hu\\\/zsolt\\\/wp-admin\\\/admin-ajax.php\",\"settings\":{\"layout\":{\"labelPlacement\":\"top\",\"helpMessagePlacement\":\"with_label\",\"errorMessagePlacement\":\"inline\",\"cssClassName\":\"\",\"asteriskPlacement\":\"asterisk-right\"},\"restrictions\":{\"denyEmptySubmission\":{\"enabled\":false}}},\"form_instance\":\"ff_form_instance_1_1\",\"form_id_selector\":\"fluentform_1\",\"rules\":{\"names[first_name]\":{\"required\":{\"value\":true,\"message\":\"Ez a mez\\u0151 k\\u00f6telez\\u0151\",\"global\":false,\"global_message\":\"Ez egy k\\u00f6telez\\u0151 mez\\u0151\"}},\"names[middle_name]\":{\"required\":{\"value\":false,\"message\":\"This field is required\",\"global\":false,\"global_message\":\"Ez egy k\\u00f6telez\\u0151 mez\\u0151\"}},\"names[last_name]\":{\"required\":{\"value\":true,\"message\":\"Ez a mez\\u0151 k\\u00f6telez\\u0151\",\"global\":false,\"global_message\":\"Ez egy k\\u00f6telez\\u0151 mez\\u0151\"}},\"email\":{\"required\":{\"value\":true,\"message\":\"Ez a mez\\u0151 k\\u00f6telez\\u0151\",\"global\":false,\"global_message\":\"Ez egy k\\u00f6telez\\u0151 mez\\u0151\"},\"email\":{\"value\":true,\"message\":\"Ennek a mez\\u0151nek \\u00e9rv\\u00e9nyes e-mail c\\u00edmet kell tartalmaznia\",\"global\":false,\"global_message\":\"A mez\\u0151nek \\u00e9rv\\u00e9nyes emailc\\u00edmet kell tartalmaznia\"}},\"input_text\":{\"required\":{\"value\":true,\"message\":\"Ez egy k\\u00f6telez\\u0151 mez\\u0151\",\"global_message\":\"Ez egy k\\u00f6telez\\u0151 mez\\u0151\",\"global\":true}},\"subject\":{\"required\":{\"value\":true,\"message\":\"Ez a mez\\u0151 k\\u00f6telez\\u0151\",\"global\":false,\"global_message\":\"Ez egy k\\u00f6telez\\u0151 mez\\u0151\"}},\"message\":{\"required\":{\"value\":true,\"message\":\"Ez a mez\\u0151 k\\u00f6telez\\u0151\",\"global\":false,\"global_message\":\"Ez egy k\\u00f6telez\\u0151 mez\\u0151\"}},\"gdpr-agreement\":{\"required\":{\"value\":true,\"message\":\"Ez egy k\\u00f6telez\\u0151 mez\\u0151\",\"global_message\":\"Ez egy k\\u00f6telez\\u0151 mez\\u0151\",\"global\":true}}},\"debounce_time\":300};\n                            <\/script>\n            \n\n\n<p>El\u00e9rhet\u0151s\u00e9gek:<\/p>\n\n\n\n<div class=\"wp-block-group is-layout-constrained wp-container-core-group-is-layout-12243e0f wp-block-group-is-layout-constrained\">\n<h2 class=\"wp-block-heading has-text-align-center\"><strong>Witzl Zsolt<\/strong><\/h2>\n\n\n\n<h2 class=\"wp-block-heading has-text-align-center\">f\u0151\u00e9p\u00edt\u00e9sz<\/h2>\n\n\n\n<h2 class=\"wp-block-heading has-text-align-center\">\u00e9p\u00edt\u00e9sz &#8211; felel\u0151s tervez\u0151<\/h2>\n\n\n\n<h2 class=\"wp-block-heading has-text-align-center\">m\u0171szaki ellen\u0151r<\/h2>\n\n\n\n<h2 class=\"wp-block-heading has-text-align-center\"><strong><a href=\"tel:36302478768\">+36 30 247 8768<\/a><\/strong><\/h2>\n\n\n\n<h2 class=\"wp-block-heading has-text-align-center\"><strong>zsolt@witzl.hu<\/strong><\/h2>\n\n\n\n<div class=\"wp-block-gmap-gmap-block gmap-block-i9qkmxbh\"><iframe src=\"https:\/\/maps.google.com\/maps?q=Tam%C3%A1si&amp;z=10&amp;t=roadmap&amp;output=embed\" class=\"embd-map\" title=\"Tam\u00e1si\"><\/iframe><\/div>\n<\/div>\n","protected":false},"excerpt":{"rendered":"<p>Innovat\u00edv megold\u00e1sokkal \u00e9s a leg\u00fajabb technol\u00f3gi\u00e1kkal dolgozunk az \u00d6n siker\u00e9\u00e9rt.Vegye fel vel\u00fcnk a kapcsolatot az al\u00e1bbi \u0171rlapon kereszt\u00fcl! El\u00e9rhet\u0151s\u00e9gek: Witzl Zsolt f\u0151\u00e9p\u00edt\u00e9sz \u00e9p\u00edt\u00e9sz &#8211; felel\u0151s tervez\u0151 m\u0171szaki ellen\u0151r +36 30 247 8768 zsolt@witzl.hu<\/p>\n","protected":false},"author":2,"featured_media":0,"parent":0,"menu_order":0,"comment_status":"closed","ping_status":"closed","template":"","meta":{"_seopress_robots_primary_cat":"","_seopress_titles_title":"","_seopress_titles_desc":"","_seopress_robots_index":"","footnotes":""},"class_list":["post-20","page","type-page","status-publish","hentry"],"_links":{"self":[{"href":"https:\/\/witzl.hu\/zsolt\/wp-json\/wp\/v2\/pages\/20","targetHints":{"allow":["GET"]}}],"collection":[{"href":"https:\/\/witzl.hu\/zsolt\/wp-json\/wp\/v2\/pages"}],"about":[{"href":"https:\/\/witzl.hu\/zsolt\/wp-json\/wp\/v2\/types\/page"}],"author":[{"embeddable":true,"href":"https:\/\/witzl.hu\/zsolt\/wp-json\/wp\/v2\/users\/2"}],"replies":[{"embeddable":true,"href":"https:\/\/witzl.hu\/zsolt\/wp-json\/wp\/v2\/comments?post=20"}],"version-history":[{"count":8,"href":"https:\/\/witzl.hu\/zsolt\/wp-json\/wp\/v2\/pages\/20\/revisions"}],"predecessor-version":[{"id":157,"href":"https:\/\/witzl.hu\/zsolt\/wp-json\/wp\/v2\/pages\/20\/revisions\/157"}],"wp:attachment":[{"href":"https:\/\/witzl.hu\/zsolt\/wp-json\/wp\/v2\/media?parent=20"}],"curies":[{"name":"wp","href":"https:\/\/api.w.org\/{rel}","templated":true}]}}